{"id":807,"date":"2024-03-29T00:03:50","date_gmt":"2024-03-29T04:03:50","guid":{"rendered":"https:\/\/amazingte.com\/?page_id=807"},"modified":"2025-02-08T13:51:31","modified_gmt":"2025-02-08T18:51:31","slug":"quienes-somos","status":"publish","type":"page","link":"https:\/\/amazingte.com\/?page_id=807","title":{"rendered":"Quienes somos"},"content":{"rendered":"\t\t<div data-elementor-type=\"wp-page\" data-elementor-id=\"807\" class=\"elementor elementor-807\">\n\t\t\t\t<div class=\"elementor-element elementor-element-c2ef42e e-flex e-con-boxed e-con e-parent\" data-id=\"c2ef42e\" data-element_type=\"container\">\n\t\t\t\t\t<div class=\"e-con-inner\">\n\t\t\t\t<div class=\"elementor-element elementor-element-3c60496 elementor-widget elementor-widget-heading\" data-id=\"3c60496\" data-element_type=\"widget\" data-widget_type=\"heading.default\">\n\t\t\t\t<div class=\"elementor-widget-container\">\n\t\t\t\t\t<h4 class=\"elementor-heading-title elementor-size-default\">Expertos con amplia experiencia academica y profesional de alto nivel, investigadores cient\u00edfico-acad\u00e9micos en areas de estudio tecnol\u00f3gicas, empresariales y docentes<\/h4>\t\t\t\t<\/div>\n\t\t\t\t<\/div>\n\t\t\t\t\t<\/div>\n\t\t\t\t<\/div>\n\t\t\t\t<section class=\"elementor-section elementor-top-section elementor-element elementor-element-7eeb6e8 elementor-section-boxed elementor-section-height-default elementor-section-height-default\" data-id=\"7eeb6e8\" data-element_type=\"section\">\n\t\t\t\t\t\t<div class=\"elementor-container elementor-column-gap-default\">\n\t\t\t\t\t<div class=\"elementor-column elementor-col-100 elementor-top-column elementor-element elementor-element-3171593\" data-id=\"3171593\" data-element_type=\"column\">\n\t\t\t<div class=\"elementor-widget-wrap elementor-element-populated\">\n\t\t\t\t\t\t<div class=\"elementor-element elementor-element-debf076 elementor-widget elementor-widget-heading\" data-id=\"debf076\" data-element_type=\"widget\" data-widget_type=\"heading.default\">\n\t\t\t\t<div class=\"elementor-widget-container\">\n\t\t\t\t\t<h2 class=\"elementor-heading-title elementor-size-large\">Mision<\/h2>\t\t\t\t<\/div>\n\t\t\t\t<\/div>\n\t\t\t\t\t<\/div>\n\t\t<\/div>\n\t\t\t\t\t<\/div>\n\t\t<\/section>\n\t\t\t\t<section class=\"elementor-section elementor-top-section elementor-element elementor-element-4bfcaf5 elementor-section-boxed elementor-section-height-default elementor-section-height-default\" data-id=\"4bfcaf5\" data-element_type=\"section\">\n\t\t\t\t\t\t<div class=\"elementor-container elementor-column-gap-default\">\n\t\t\t\t\t<div class=\"elementor-column elementor-col-50 elementor-top-column elementor-element elementor-element-46dd89a\" data-id=\"46dd89a\" data-element_type=\"column\">\n\t\t\t<div class=\"elementor-widget-wrap elementor-element-populated\">\n\t\t\t\t\t\t<div class=\"elementor-element elementor-element-ee17c6a elementor-widget-mobile__width-initial elementor-widget elementor-widget-image\" data-id=\"ee17c6a\" data-element_type=\"widget\" data-widget_type=\"image.default\">\n\t\t\t\t<div class=\"elementor-widget-container\">\n\t\t\t\t\t\t\t\t\t\t\t\t\t\t\t<img decoding=\"async\" src=\"https:\/\/amazingte.com\/wp-content\/uploads\/2024\/03\/touching-girl.jpg\" title=\"touching girl\" alt=\"touching girl\" loading=\"lazy\" \/>\t\t\t\t\t\t\t\t\t\t\t\t\t\t\t<\/div>\n\t\t\t\t<\/div>\n\t\t\t\t\t<\/div>\n\t\t<\/div>\n\t\t\t\t<div class=\"elementor-column elementor-col-50 elementor-top-column elementor-element elementor-element-329d1e5\" data-id=\"329d1e5\" data-element_type=\"column\">\n\t\t\t<div class=\"elementor-widget-wrap elementor-element-populated\">\n\t\t\t\t\t\t<div class=\"elementor-element elementor-element-559e52c elementor-widget elementor-widget-text-editor\" data-id=\"559e52c\" data-element_type=\"widget\" data-widget_type=\"text-editor.default\">\n\t\t\t\t<div class=\"elementor-widget-container\">\n\t\t\t\t\t\t\t\t\t<h6>Estamos comprometidos a revolucionar la educaci\u00f3n a trav\u00e9s de soluciones de aprendizaje en l\u00ednea innovadoras y accesibles.<\/h6><h6>Nuestra misi\u00f3n es capacitar a estudiantes en todo el mundo con recursos digitales de vanguardia, permiti\u00e9ndoles desbloquear todo su potencial y prosperar en un mundo en constante evoluci\u00f3n.<\/h6>\t\t\t\t\t\t\t\t<\/div>\n\t\t\t\t<\/div>\n\t\t\t\t\t<\/div>\n\t\t<\/div>\n\t\t\t\t\t<\/div>\n\t\t<\/section>\n\t\t\t\t<section class=\"elementor-section elementor-top-section elementor-element elementor-element-0d4e20a elementor-section-boxed elementor-section-height-default elementor-section-height-default\" data-id=\"0d4e20a\" data-element_type=\"section\">\n\t\t\t\t\t\t<div class=\"elementor-container elementor-column-gap-default\">\n\t\t\t\t\t<div class=\"elementor-column elementor-col-100 elementor-top-column elementor-element elementor-element-fb28166\" data-id=\"fb28166\" data-element_type=\"column\">\n\t\t\t<div class=\"elementor-widget-wrap elementor-element-populated\">\n\t\t\t\t\t\t<div class=\"elementor-element elementor-element-1d6df1b elementor-widget elementor-widget-heading\" data-id=\"1d6df1b\" data-element_type=\"widget\" data-widget_type=\"heading.default\">\n\t\t\t\t<div class=\"elementor-widget-container\">\n\t\t\t\t\t<h2 class=\"elementor-heading-title elementor-size-default\">Vision<\/h2>\t\t\t\t<\/div>\n\t\t\t\t<\/div>\n\t\t\t\t\t<\/div>\n\t\t<\/div>\n\t\t\t\t\t<\/div>\n\t\t<\/section>\n\t\t\t\t<section class=\"elementor-section elementor-top-section elementor-element elementor-element-5d6ec41 elementor-section-boxed elementor-section-height-default elementor-section-height-default\" data-id=\"5d6ec41\" data-element_type=\"section\">\n\t\t\t\t\t\t<div class=\"elementor-container elementor-column-gap-default\">\n\t\t\t\t\t<div class=\"elementor-column elementor-col-50 elementor-top-column elementor-element elementor-element-bec2fb5\" data-id=\"bec2fb5\" data-element_type=\"column\">\n\t\t\t<div class=\"elementor-widget-wrap elementor-element-populated\">\n\t\t\t\t\t\t<div class=\"elementor-element elementor-element-f5745da elementor-widget-mobile__width-initial elementor-widget elementor-widget-image\" data-id=\"f5745da\" data-element_type=\"widget\" data-widget_type=\"image.default\">\n\t\t\t\t<div class=\"elementor-widget-container\">\n\t\t\t\t\t\t\t\t\t\t\t\t\t\t\t<img fetchpriority=\"high\" decoding=\"async\" width=\"300\" height=\"208\" src=\"https:\/\/amazingte.com\/wp-content\/uploads\/2024\/03\/vecteezy_businessman-uses-a-pen-to-set-product-development-goals_11091570-scaled-e1711513254252-300x208.jpg\" class=\"attachment-medium size-medium wp-image-809\" alt=\"\" srcset=\"https:\/\/amazingte.com\/wp-content\/uploads\/2024\/03\/vecteezy_businessman-uses-a-pen-to-set-product-development-goals_11091570-scaled-e1711513254252-300x208.jpg 300w, https:\/\/amazingte.com\/wp-content\/uploads\/2024\/03\/vecteezy_businessman-uses-a-pen-to-set-product-development-goals_11091570-scaled-e1711513254252-1024x711.jpg 1024w, https:\/\/amazingte.com\/wp-content\/uploads\/2024\/03\/vecteezy_businessman-uses-a-pen-to-set-product-development-goals_11091570-scaled-e1711513254252-768x533.jpg 768w, https:\/\/amazingte.com\/wp-content\/uploads\/2024\/03\/vecteezy_businessman-uses-a-pen-to-set-product-development-goals_11091570-scaled-e1711513254252-1536x1067.jpg 1536w, https:\/\/amazingte.com\/wp-content\/uploads\/2024\/03\/vecteezy_businessman-uses-a-pen-to-set-product-development-goals_11091570-scaled-e1711513254252-2048x1423.jpg 2048w, https:\/\/amazingte.com\/wp-content\/uploads\/2024\/03\/vecteezy_businessman-uses-a-pen-to-set-product-development-goals_11091570-scaled-e1711513254252-600x417.jpg 600w\" sizes=\"(max-width: 300px) 100vw, 300px\" \/>\t\t\t\t\t\t\t\t\t\t\t\t\t\t\t<\/div>\n\t\t\t\t<\/div>\n\t\t\t\t\t<\/div>\n\t\t<\/div>\n\t\t\t\t<div class=\"elementor-column elementor-col-50 elementor-top-column elementor-element elementor-element-85a34b3\" data-id=\"85a34b3\" data-element_type=\"column\">\n\t\t\t<div class=\"elementor-widget-wrap elementor-element-populated\">\n\t\t\t\t\t\t<div class=\"elementor-element elementor-element-a2c2548 elementor-widget elementor-widget-text-editor\" data-id=\"a2c2548\" data-element_type=\"widget\" data-widget_type=\"text-editor.default\">\n\t\t\t\t<div class=\"elementor-widget-container\">\n\t\t\t\t\t\t\t\t\t<h6>Ser l\u00edderes de vanguardia dentro de la industria del eLearning, reconocidos por nuestra dedicaci\u00f3n en b\u00fasqueda de la excelencia, el desarrollo de los m\u00e1s altos niveles de creatividad y pensamiento cr\u00edtico en nuestros estudiantes, asi como la aplicaci\u00f3n de los \u00faltimos avances tecnol\u00f3gicos y de innovaci\u00f3n en cada una de las \u00e1reas de ense\u00f1anza.<\/h6><h6>Apoyamos la transformacion educativa hacia una experiencia din\u00e1mica y totalmente personalizada, fomentando el aprendizaje permanente e inspirando a las personas a alcanzar nuevas alturas del \u00e9xito.<\/h6>\t\t\t\t\t\t\t\t<\/div>\n\t\t\t\t<\/div>\n\t\t\t\t\t<\/div>\n\t\t<\/div>\n\t\t\t\t\t<\/div>\n\t\t<\/section>\n\t\t\t\t<section class=\"elementor-section elementor-top-section elementor-element elementor-element-2ba0073 elementor-section-boxed elementor-section-height-default elementor-section-height-default\" data-id=\"2ba0073\" data-element_type=\"section\">\n\t\t\t\t\t\t<div class=\"elementor-container elementor-column-gap-default\">\n\t\t\t\t\t<div class=\"elementor-column elementor-col-100 elementor-top-column elementor-element elementor-element-b653a0d\" data-id=\"b653a0d\" data-element_type=\"column\">\n\t\t\t<div class=\"elementor-widget-wrap elementor-element-populated\">\n\t\t\t\t\t\t<div class=\"elementor-element elementor-element-3b1bff3 elementor-widget elementor-widget-heading\" data-id=\"3b1bff3\" data-element_type=\"widget\" data-widget_type=\"heading.default\">\n\t\t\t\t<div class=\"elementor-widget-container\">\n\t\t\t\t\t<h2 class=\"elementor-heading-title elementor-size-default\">Objetivos<\/h2>\t\t\t\t<\/div>\n\t\t\t\t<\/div>\n\t\t\t\t\t<\/div>\n\t\t<\/div>\n\t\t\t\t\t<\/div>\n\t\t<\/section>\n\t\t\t\t<section class=\"elementor-section elementor-top-section elementor-element elementor-element-aeedea5 elementor-section-boxed elementor-section-height-default elementor-section-height-default\" data-id=\"aeedea5\" data-element_type=\"section\">\n\t\t\t\t\t\t<div class=\"elementor-container elementor-column-gap-default\">\n\t\t\t\t\t<div class=\"elementor-column elementor-col-33 elementor-top-column elementor-element elementor-element-c0763b1\" data-id=\"c0763b1\" data-element_type=\"column\">\n\t\t\t<div class=\"elementor-widget-wrap elementor-element-populated\">\n\t\t\t\t\t\t<div class=\"elementor-element elementor-element-df9c5ba elementor-widget elementor-widget-image\" data-id=\"df9c5ba\" data-element_type=\"widget\" data-widget_type=\"image.default\">\n\t\t\t\t<div class=\"elementor-widget-container\">\n\t\t\t\t\t\t\t\t\t\t\t\t\t\t\t<img decoding=\"async\" width=\"300\" height=\"200\" src=\"https:\/\/amazingte.com\/wp-content\/uploads\/2025\/02\/campaign-creators-gMsnXqILjp4-unsplash-300x200.jpg\" class=\"attachment-medium size-medium wp-image-1409\" alt=\"\" srcset=\"https:\/\/amazingte.com\/wp-content\/uploads\/2025\/02\/campaign-creators-gMsnXqILjp4-unsplash-300x200.jpg 300w, https:\/\/amazingte.com\/wp-content\/uploads\/2025\/02\/campaign-creators-gMsnXqILjp4-unsplash-1024x683.jpg 1024w, https:\/\/amazingte.com\/wp-content\/uploads\/2025\/02\/campaign-creators-gMsnXqILjp4-unsplash-768x512.jpg 768w, https:\/\/amazingte.com\/wp-content\/uploads\/2025\/02\/campaign-creators-gMsnXqILjp4-unsplash-1536x1024.jpg 1536w, https:\/\/amazingte.com\/wp-content\/uploads\/2025\/02\/campaign-creators-gMsnXqILjp4-unsplash-2048x1365.jpg 2048w\" sizes=\"(max-width: 300px) 100vw, 300px\" \/>\t\t\t\t\t\t\t\t\t\t\t\t\t\t\t<\/div>\n\t\t\t\t<\/div>\n\t\t\t\t\t<\/div>\n\t\t<\/div>\n\t\t\t\t<div class=\"elementor-column elementor-col-66 elementor-top-column elementor-element elementor-element-f913a20\" data-id=\"f913a20\" data-element_type=\"column\">\n\t\t\t<div class=\"elementor-widget-wrap elementor-element-populated\">\n\t\t\t\t\t\t<div class=\"elementor-element elementor-element-3ccb0d2 elementor-widget elementor-widget-text-editor\" data-id=\"3ccb0d2\" data-element_type=\"widget\" data-widget_type=\"text-editor.default\">\n\t\t\t\t<div class=\"elementor-widget-container\">\n\t\t\t\t\t\t\t\t\t<h6><strong>Entregar Calidad Excepcional:<\/strong> En Amazing Teaching &amp; E-learning nos esforzamos por ofrecer constantemente contenido y plataformas de aprendizaje en l\u00ednea de alta calidad que superen las expectativas de nuestros usuarios, garantizando su satisfacci\u00f3n y \u00e9xito.<\/h6>\n<h6><strong>Fomentar la Innovaci\u00f3n:<\/strong> Estamos comprometidos en fomentar una cultura de innovaci\u00f3n, explorando continuamente tecnolog\u00edas emergentes y enfoques pedag\u00f3gicos para mejorar la efectividad y el compromiso de nuestras soluciones de aprendizaje en l\u00ednea.<\/h6>\n<h6><strong>Promover la Accesibilidad:<\/strong> Nuestro objetivo es hacer que la educaci\u00f3n sea accesible para todos dise\u00f1ando experiencias de aprendizaje inclusivas que se adapten a diferentes estilos de aprendizaje, habilidades y antecedentes.<\/h6>\n<h6><strong>Cultivar Asociaciones:<\/strong> Buscamos forjar asociaciones estrat\u00e9gicas con instituciones educativas, corporaciones y organizaciones para ampliar nuestro alcance e impacto, fomentando la colaboraci\u00f3n y el crecimiento mutuo.<\/h6>\n<h6><strong>Capacitar a los Estudiantes:<\/strong> Nuestra finalidad es empoderar a los estudiantes con el conocimiento, las habilidades y la confianza que necesitan para prosperar en la era digital, permiti\u00e9ndoles seguir sus pasiones, avanzar en sus carreras y tener un impacto positivo en la sociedad.<\/h6>\n<h6><strong>Impulsar la Mejora Continua:<\/strong> Buscamos la excelencia en todo lo que hacemos, solicitando regularmente comentarios de los usuarios y las partes interesadas para refinar y mejorar nuestras ofertas de aprendizaje en l\u00ednea.<\/h6>\t\t\t\t\t\t\t\t<\/div>\n\t\t\t\t<\/div>\n\t\t\t\t\t<\/div>\n\t\t<\/div>\n\t\t\t\t\t<\/div>\n\t\t<\/section>\n\t\t<div class=\"elementor-element elementor-element-cc2b179 e-flex e-con-boxed e-con e-parent\" data-id=\"cc2b179\" data-element_type=\"container\">\n\t\t\t\t\t<div class=\"e-con-inner\">\n\t\t\t\t<div class=\"elementor-element elementor-element-174c27f elementor-widget elementor-widget-heading\" data-id=\"174c27f\" data-element_type=\"widget\" data-widget_type=\"heading.default\">\n\t\t\t\t<div class=\"elementor-widget-container\">\n\t\t\t\t\t<h2 class=\"elementor-heading-title elementor-size-default\">CEO Dra. Mixaida Delgado en cierre de curso<\/h2>\t\t\t\t<\/div>\n\t\t\t\t<\/div>\n\t\t\t\t\t<\/div>\n\t\t\t\t<\/div>\n\t\t\t\t<section class=\"elementor-section elementor-top-section elementor-element elementor-element-7887fb9 elementor-section-boxed elementor-section-height-default elementor-section-height-default\" data-id=\"7887fb9\" data-element_type=\"section\">\n\t\t\t\t\t\t<div class=\"elementor-container elementor-column-gap-default\">\n\t\t\t\t\t<div class=\"elementor-column elementor-col-100 elementor-top-column elementor-element elementor-element-d13b1bf\" data-id=\"d13b1bf\" data-element_type=\"column\">\n\t\t\t<div class=\"elementor-widget-wrap elementor-element-populated\">\n\t\t\t\t\t\t<div class=\"elementor-element elementor-element-015123c elementor-widget elementor-widget-video\" data-id=\"015123c\" data-element_type=\"widget\" data-settings=\"{&quot;youtube_url&quot;:&quot;https:\\\/\\\/www.youtube.com\\\/watch?v=oLRWFfnqkzo&quot;,&quot;loop&quot;:&quot;yes&quot;,&quot;video_type&quot;:&quot;youtube&quot;,&quot;controls&quot;:&quot;yes&quot;}\" data-widget_type=\"video.default\">\n\t\t\t\t<div class=\"elementor-widget-container\">\n\t\t\t\t\t\t\t<div class=\"elementor-wrapper elementor-open-inline\">\n\t\t\t<div class=\"elementor-video\"><\/div>\t\t<\/div>\n\t\t\t\t\t\t<\/div>\n\t\t\t\t<\/div>\n\t\t\t\t\t<\/div>\n\t\t<\/div>\n\t\t\t\t\t<\/div>\n\t\t<\/section>\n\t\t\t\t<\/div>\n\t\t","protected":false},"excerpt":{"rendered":"<p>Expertos con amplia experiencia academica y profesional de alto nivel, investigadores cient\u00edfico-acad\u00e9micos en areas de estudio tecnol\u00f3gicas, empresariales y docentes Mision Estamos comprometidos a revolucionar la educaci\u00f3n a trav\u00e9s de soluciones de aprendizaje en l\u00ednea innovadoras y accesibles. Nuestra misi\u00f3n es capacitar a estudiantes en todo el mundo con recursos digitales de vanguardia, permiti\u00e9ndoles desbloquear todo su potencial y prosperar en un mundo en constante evoluci\u00f3n. Vision Ser l\u00edderes de vanguardia dentro de la industria del eLearning, reconocidos por nuestra dedicaci\u00f3n en b\u00fasqueda de la excelencia, el desarrollo de los m\u00e1s altos niveles de creatividad y pensamiento cr\u00edtico en nuestros<\/p>\n","protected":false},"author":1,"featured_media":0,"parent":0,"menu_order":0,"comment_status":"closed","ping_status":"closed","template":"","meta":{"om_disable_all_campaigns":false,"_monsterinsights_skip_tracking":false,"_monsterinsights_sitenote_active":false,"_monsterinsights_sitenote_note":"","_monsterinsights_sitenote_category":0,"footnotes":""},"class_list":["post-807","page","type-page","status-publish","hentry"],"_links":{"self":[{"href":"https:\/\/amazingte.com\/index.php?rest_route=\/wp\/v2\/pages\/807","targetHints":{"allow":["GET"]}}],"collection":[{"href":"https:\/\/amazingte.com\/index.php?rest_route=\/wp\/v2\/pages"}],"about":[{"href":"https:\/\/amazingte.com\/index.php?rest_route=\/wp\/v2\/types\/page"}],"author":[{"embeddable":true,"href":"https:\/\/amazingte.com\/index.php?rest_route=\/wp\/v2\/users\/1"}],"replies":[{"embeddable":true,"href":"https:\/\/amazingte.com\/index.php?rest_route=%2Fwp%2Fv2%2Fcomments&post=807"}],"version-history":[{"count":64,"href":"https:\/\/amazingte.com\/index.php?rest_route=\/wp\/v2\/pages\/807\/revisions"}],"predecessor-version":[{"id":1428,"href":"https:\/\/amazingte.com\/index.php?rest_route=\/wp\/v2\/pages\/807\/revisions\/1428"}],"wp:attachment":[{"href":"https:\/\/amazingte.com\/index.php?rest_route=%2Fwp%2Fv2%2Fmedia&parent=807"}],"curies":[{"name":"wp","href":"https:\/\/api.w.org\/{rel}","templated":true}]}}